{"id":633,"date":"2022-07-26T13:15:34","date_gmt":"2022-07-26T13:15:34","guid":{"rendered":"http:\/\/lamaisondubach.com\/?page_id=633"},"modified":"2024-01-15T13:24:24","modified_gmt":"2024-01-15T11:24:24","slug":"limmobilier-a-linternational","status":"publish","type":"page","link":"https:\/\/lamaisondubach.com\/en\/limmobilier-a-linternational","title":{"rendered":"International real estate"},"content":{"rendered":"<div data-elementor-type=\"wp-page\" data-elementor-id=\"633\" class=\"elementor elementor-633\">\n\t\t\t\t\t\t\t\t\t<section class=\"elementor-section elementor-top-section elementor-element elementor-element-9030471 elementor-section-full_width elementor-section-height-min-height elementor-section-stretched elementor-section-height-default elementor-section-items-middle\" data-id=\"9030471\" data-element_type=\"section\" data-settings=\"{&quot;stretch_section&quot;:&quot;section-stretched&quot;,&quot;background_background&quot;:&quot;classic&quot;}\">\n\t\t\t\t\t\t\t<div class=\"elementor-background-overlay\"><\/div>\n\t\t\t\t\t\t\t<div class=\"elementor-container elementor-column-gap-default\">\n\t\t\t\t\t<div class=\"elementor-column elementor-col-100 elementor-top-column elementor-element elementor-element-847ecd5\" data-id=\"847ecd5\" data-element_type=\"column\">\n\t\t\t<div class=\"elementor-widget-wrap elementor-element-populated\">\n\t\t\t\t\t\t\t\t<div class=\"elementor-element elementor-element-d6ea438 elementor-absolute elementor-invisible elementor-widget elementor-widget-image\" data-id=\"d6ea438\" data-element_type=\"widget\" data-settings=\"{&quot;_position&quot;:&quot;absolute&quot;,&quot;_animation&quot;:&quot;fadeIn&quot;}\" data-widget_type=\"image.default\">\n\t\t\t\t<div class=\"elementor-widget-container\">\n\t\t\t\t\t\t\t\t\t\t\t\t\t\t\t<img decoding=\"async\" src=\"http:\/\/lamaisondubach.com\/wp-content\/uploads\/2022\/08\/cadre-titre-blanc.svg\" title=\"\" alt=\"\" loading=\"lazy\" \/>\t\t\t\t\t\t\t\t\t\t\t\t\t\t\t<\/div>\n\t\t\t\t<\/div>\n\t\t\t\t<div class=\"elementor-element elementor-element-7228504 elementor-widget__width-auto elementor-widget elementor-widget-text-editor\" data-id=\"7228504\" data-element_type=\"widget\" data-widget_type=\"text-editor.default\">\n\t\t\t\t<div class=\"elementor-widget-container\">\n\t\t\t\t\t\t\t<p>real estate at<\/p>\t\t\t\t\t\t<\/div>\n\t\t\t\t<\/div>\n\t\t\t\t<div class=\"elementor-element elementor-element-5a89d1f elementor-widget elementor-widget-heading\" data-id=\"5a89d1f\" data-element_type=\"widget\" data-widget_type=\"heading.default\">\n\t\t\t\t<div class=\"elementor-widget-container\">\n\t\t\t<h2 class=\"elementor-heading-title elementor-size-default\">International<\/h2>\t\t<\/div>\n\t\t\t\t<\/div>\n\t\t\t\t\t<\/div>\n\t\t<\/div>\n\t\t\t\t\t\t\t<\/div>\n\t\t<\/section>\n\t\t\t\t<section class=\"elementor-section elementor-top-section elementor-element elementor-element-9d7c983 elementor-reverse-mobile elementor-section-boxed elementor-section-height-default elementor-section-height-default\" data-id=\"9d7c983\" data-element_type=\"section\">\n\t\t\t\t\t\t<div class=\"elementor-container elementor-column-gap-default\">\n\t\t\t\t\t<div class=\"elementor-column elementor-col-50 elementor-top-column elementor-element elementor-element-62c2762\" data-id=\"62c2762\" data-element_type=\"column\">\n\t\t\t<div class=\"elementor-widget-wrap elementor-element-populated\">\n\t\t\t\t\t\t\t\t<div class=\"elementor-element elementor-element-257fcfb elementor-widget elementor-widget-heading\" data-id=\"257fcfb\" data-element_type=\"widget\" data-widget_type=\"heading.default\">\n\t\t\t\t<div class=\"elementor-widget-container\">\n\t\t\t<h2 class=\"elementor-heading-title elementor-size-default\">Maison Dubach helps you invest in Dubai <\/h2>\t\t<\/div>\n\t\t\t\t<\/div>\n\t\t\t\t<div class=\"elementor-element elementor-element-8ccf379 elementor-widget-divider--view-line elementor-widget elementor-widget-divider\" data-id=\"8ccf379\" data-element_type=\"widget\" data-widget_type=\"divider.default\">\n\t\t\t\t<div class=\"elementor-widget-container\">\n\t\t\t\t\t<div class=\"elementor-divider\">\n\t\t\t<span class=\"elementor-divider-separator\">\n\t\t\t\t\t\t<\/span>\n\t\t<\/div>\n\t\t\t\t<\/div>\n\t\t\t\t<\/div>\n\t\t\t\t<div class=\"elementor-element elementor-element-628d4f9 elementor-widget elementor-widget-text-editor\" data-id=\"628d4f9\" data-element_type=\"widget\" data-widget_type=\"text-editor.default\">\n\t\t\t\t<div class=\"elementor-widget-container\">\n\t\t\t\t\t\t\t<p>Get expert advice for your project.<\/p><p style=\"text-align: left;\">\u00a0Maison Dubach answers all your questions.<\/p>\t\t\t\t\t\t<\/div>\n\t\t\t\t<\/div>\n\t\t\t\t<div class=\"elementor-element elementor-element-51398b5 elementor-widget elementor-widget-button\" data-id=\"51398b5\" data-element_type=\"widget\" data-widget_type=\"button.default\">\n\t\t\t\t<div class=\"elementor-widget-container\">\n\t\t\t\t\t<div class=\"elementor-button-wrapper\">\n\t\t\t<a href=\"https:\/\/lamaisondubach.com\/en\/limmobilier-a-linternational-listings\/\" class=\"elementor-button-link elementor-button elementor-size-sm\" role=\"button\">\n\t\t\t\t\t\t<span class=\"elementor-button-content-wrapper\">\n\t\t\t\t\t\t<span class=\"elementor-button-text\">Discover our sales<\/span>\n\t\t<\/span>\n\t\t\t\t\t<\/a>\n\t\t<\/div>\n\t\t\t\t<\/div>\n\t\t\t\t<\/div>\n\t\t\t\t\t<\/div>\n\t\t<\/div>\n\t\t\t\t<div class=\"elementor-column elementor-col-50 elementor-top-column elementor-element elementor-element-e470261\" data-id=\"e470261\" data-element_type=\"column\">\n\t\t\t<div class=\"elementor-widget-wrap elementor-element-populated\">\n\t\t\t\t\t\t\t\t<div class=\"elementor-element elementor-element-063c150 elementor-widget__width-auto elementor-absolute e-transform textRotated elementor-widget elementor-widget-text-editor\" data-id=\"063c150\" data-element_type=\"widget\" data-settings=\"{&quot;_position&quot;:&quot;absolute&quot;,&quot;_transform_rotateZ_effect&quot;:{&quot;unit&quot;:&quot;px&quot;,&quot;size&quot;:-90,&quot;sizes&quot;:[]},&quot;_transform_rotateZ_effect_mobile&quot;:{&quot;unit&quot;:&quot;px&quot;,&quot;size&quot;:0,&quot;sizes&quot;:[]},&quot;_transform_rotateZ_effect_tablet&quot;:{&quot;unit&quot;:&quot;deg&quot;,&quot;size&quot;:&quot;&quot;,&quot;sizes&quot;:[]}}\" data-widget_type=\"text-editor.default\">\n\t\t\t\t<div class=\"elementor-widget-container\">\n\t\t\t\t\t\t\t<p>\u2014 Invest with Maison Dubach<\/p>\t\t\t\t\t\t<\/div>\n\t\t\t\t<\/div>\n\t\t\t\t\t<\/div>\n\t\t<\/div>\n\t\t\t\t\t\t\t<\/div>\n\t\t<\/section>\n\t\t\t\t<section class=\"elementor-section elementor-top-section elementor-element elementor-element-b3fb862 elementor-section-boxed elementor-section-height-default elementor-section-height-default\" data-id=\"b3fb862\" data-element_type=\"section\" data-settings=\"{&quot;background_background&quot;:&quot;classic&quot;}\">\n\t\t\t\t\t\t<div class=\"elementor-container elementor-column-gap-default\">\n\t\t\t\t\t<div class=\"elementor-column elementor-col-50 elementor-top-column elementor-element elementor-element-dd8c7d3\" data-id=\"dd8c7d3\" data-element_type=\"column\">\n\t\t\t<div class=\"elementor-widget-wrap elementor-element-populated\">\n\t\t\t\t\t\t\t\t<div class=\"elementor-element elementor-element-83d77a8 elementor-widget elementor-widget-heading\" data-id=\"83d77a8\" data-element_type=\"widget\" data-widget_type=\"heading.default\">\n\t\t\t\t<div class=\"elementor-widget-container\">\n\t\t\t<h2 class=\"elementor-heading-title elementor-size-default\">Why invest in Dubai?<\/h2>\t\t<\/div>\n\t\t\t\t<\/div>\n\t\t\t\t<div class=\"elementor-element elementor-element-0965ae6 elementor-widget-divider--view-line elementor-widget elementor-widget-divider\" data-id=\"0965ae6\" data-element_type=\"widget\" data-widget_type=\"divider.default\">\n\t\t\t\t<div class=\"elementor-widget-container\">\n\t\t\t\t\t<div class=\"elementor-divider\">\n\t\t\t<span class=\"elementor-divider-separator\">\n\t\t\t\t\t\t<\/span>\n\t\t<\/div>\n\t\t\t\t<\/div>\n\t\t\t\t<\/div>\n\t\t\t\t<div class=\"elementor-element elementor-element-f91d49a elementor-widget elementor-widget-text-editor\" data-id=\"f91d49a\" data-element_type=\"widget\" data-widget_type=\"text-editor.default\">\n\t\t\t\t<div class=\"elementor-widget-container\">\n\t\t\t\t\t\t\t<p>Cosmopolitan and dynamic, one of the safest cities in the world and a good place to live, famous for its ultra-modern architecture, its urban design and its luxury boutiques, attracts business travelers and tourists from all over the world throughout of the year. Very good fundamentals with a strategic geographical location, great potential for return on investment, efficient administration, very advantageous tax legislation. Buying real estate in Dubai is probably one of the best investments you can make in the modern world.<\/p>\t\t\t\t\t\t<\/div>\n\t\t\t\t<\/div>\n\t\t\t\t<div class=\"elementor-element elementor-element-dcf2eb7 elementor-widget-divider--view-line elementor-widget elementor-widget-divider\" data-id=\"dcf2eb7\" data-element_type=\"widget\" data-widget_type=\"divider.default\">\n\t\t\t\t<div class=\"elementor-widget-container\">\n\t\t\t\t\t<div class=\"elementor-divider\">\n\t\t\t<span class=\"elementor-divider-separator\">\n\t\t\t\t\t\t<\/span>\n\t\t<\/div>\n\t\t\t\t<\/div>\n\t\t\t\t<\/div>\n\t\t\t\t<div class=\"elementor-element elementor-element-082fb80 elementor-widget elementor-widget-heading\" data-id=\"082fb80\" data-element_type=\"widget\" data-widget_type=\"heading.default\">\n\t\t\t\t<div class=\"elementor-widget-container\">\n\t\t\t<h4 class=\"elementor-heading-title elementor-size-default\">As Dubai is a completely legal tax haven, there are tremendous financial benefits to buying residential or rental property.<\/h4>\t\t<\/div>\n\t\t\t\t<\/div>\n\t\t\t\t<div class=\"elementor-element elementor-element-83c0604 elementor-icon-list--layout-traditional elementor-list-item-link-full_width elementor-widget elementor-widget-icon-list\" data-id=\"83c0604\" data-element_type=\"widget\" data-widget_type=\"icon-list.default\">\n\t\t\t\t<div class=\"elementor-widget-container\">\n\t\t\t\t\t<ul class=\"elementor-icon-list-items\">\n\t\t\t\t\t\t\t<li class=\"elementor-icon-list-item\">\n\t\t\t\t\t\t\t\t\t\t\t<span class=\"elementor-icon-list-icon\">\n\t\t\t\t\t\t\t<i aria-hidden=\"true\" class=\"fas fa-long-arrow-alt-right\"><\/i>\t\t\t\t\t\t<\/span>\n\t\t\t\t\t\t\t\t\t\t<span class=\"elementor-icon-list-text\">High-end real estate programs<\/span>\n\t\t\t\t\t\t\t\t\t<\/li>\n\t\t\t\t\t\t\t\t<li class=\"elementor-icon-list-item\">\n\t\t\t\t\t\t\t\t\t\t\t<span class=\"elementor-icon-list-icon\">\n\t\t\t\t\t\t\t<i aria-hidden=\"true\" class=\"fas fa-long-arrow-alt-right\"><\/i>\t\t\t\t\t\t<\/span>\n\t\t\t\t\t\t\t\t\t\t<span class=\"elementor-icon-list-text\">Studio from 110K<\/span>\n\t\t\t\t\t\t\t\t\t<\/li>\n\t\t\t\t\t\t\t\t<li class=\"elementor-icon-list-item\">\n\t\t\t\t\t\t\t\t\t\t\t<span class=\"elementor-icon-list-icon\">\n\t\t\t\t\t\t\t<i aria-hidden=\"true\" class=\"fas fa-long-arrow-alt-right\"><\/i>\t\t\t\t\t\t<\/span>\n\t\t\t\t\t\t\t\t\t\t<span class=\"elementor-icon-list-text\">Payment Plans <\/span>\n\t\t\t\t\t\t\t\t\t<\/li>\n\t\t\t\t\t\t\t\t<li class=\"elementor-icon-list-item\">\n\t\t\t\t\t\t\t\t\t\t\t<span class=\"elementor-icon-list-icon\">\n\t\t\t\t\t\t\t<i aria-hidden=\"true\" class=\"fas fa-long-arrow-alt-right\"><\/i>\t\t\t\t\t\t<\/span>\n\t\t\t\t\t\t\t\t\t\t<span class=\"elementor-icon-list-text\">Resale possible from 30 % of the amount paid<\/span>\n\t\t\t\t\t\t\t\t\t<\/li>\n\t\t\t\t\t\t\t\t<li class=\"elementor-icon-list-item\">\n\t\t\t\t\t\t\t\t\t\t\t<span class=\"elementor-icon-list-icon\">\n\t\t\t\t\t\t\t<i aria-hidden=\"true\" class=\"fas fa-long-arrow-alt-right\"><\/i>\t\t\t\t\t\t<\/span>\n\t\t\t\t\t\t\t\t\t\t<span class=\"elementor-icon-list-text\">Rents are payable in advance<\/span>\n\t\t\t\t\t\t\t\t\t<\/li>\n\t\t\t\t\t\t<\/ul>\n\t\t\t\t<\/div>\n\t\t\t\t<\/div>\n\t\t\t\t\t<\/div>\n\t\t<\/div>\n\t\t\t\t<div class=\"elementor-column elementor-col-50 elementor-top-column elementor-element elementor-element-5e0ff20\" data-id=\"5e0ff20\" data-element_type=\"column\">\n\t\t\t<div class=\"elementor-widget-wrap elementor-element-populated\">\n\t\t\t\t\t\t\t\t<div class=\"elementor-element elementor-element-0c3555a imageImmoFrance elementor-widget elementor-widget-image\" data-id=\"0c3555a\" data-element_type=\"widget\" data-widget_type=\"image.default\">\n\t\t\t\t<div class=\"elementor-widget-container\">\n\t\t\t\t\t\t\t\t\t\t\t\t\t\t\t<img loading=\"lazy\" decoding=\"async\" width=\"661\" height=\"400\" src=\"https:\/\/lamaisondubach.com\/wp-content\/uploads\/2022\/08\/03-bien-dubai.jpg\" class=\"attachment-full size-full wp-image-2039\" alt=\"\" srcset=\"https:\/\/lamaisondubach.com\/wp-content\/uploads\/2022\/08\/03-bien-dubai.jpg 661w, https:\/\/lamaisondubach.com\/wp-content\/uploads\/2022\/08\/03-bien-dubai-600x363.jpg 600w, https:\/\/lamaisondubach.com\/wp-content\/uploads\/2022\/08\/03-bien-dubai-300x182.jpg 300w\" sizes=\"auto, (max-width: 661px) 100vw, 661px\" \/>\t\t\t\t\t\t\t\t\t\t\t\t\t\t\t<\/div>\n\t\t\t\t<\/div>\n\t\t\t\t<div class=\"elementor-element elementor-element-bd5f43f elementor-widget-divider--view-line elementor-widget elementor-widget-divider\" data-id=\"bd5f43f\" data-element_type=\"widget\" data-widget_type=\"divider.default\">\n\t\t\t\t<div class=\"elementor-widget-container\">\n\t\t\t\t\t<div class=\"elementor-divider\">\n\t\t\t<span class=\"elementor-divider-separator\">\n\t\t\t\t\t\t<\/span>\n\t\t<\/div>\n\t\t\t\t<\/div>\n\t\t\t\t<\/div>\n\t\t\t\t<div class=\"elementor-element elementor-element-dde2c16 elementor-widget elementor-widget-heading\" data-id=\"dde2c16\" data-element_type=\"widget\" data-widget_type=\"heading.default\">\n\t\t\t\t<div class=\"elementor-widget-container\">\n\t\t\t<h4 class=\"elementor-heading-title elementor-size-default\">A very advantageous legislation.<\/h4>\t\t<\/div>\n\t\t\t\t<\/div>\n\t\t\t\t<div class=\"elementor-element elementor-element-7e46dbe elementor-icon-list--layout-traditional elementor-list-item-link-full_width elementor-widget elementor-widget-icon-list\" data-id=\"7e46dbe\" data-element_type=\"widget\" data-widget_type=\"icon-list.default\">\n\t\t\t\t<div class=\"elementor-widget-container\">\n\t\t\t\t\t<ul class=\"elementor-icon-list-items\">\n\t\t\t\t\t\t\t<li class=\"elementor-icon-list-item\">\n\t\t\t\t\t\t\t\t\t\t\t<span class=\"elementor-icon-list-icon\">\n\t\t\t\t\t\t\t<i aria-hidden=\"true\" class=\"fas fa-long-arrow-alt-right\"><\/i>\t\t\t\t\t\t<\/span>\n\t\t\t\t\t\t\t\t\t\t<span class=\"elementor-icon-list-text\">No wealth and income taxes<\/span>\n\t\t\t\t\t\t\t\t\t<\/li>\n\t\t\t\t\t\t\t\t<li class=\"elementor-icon-list-item\">\n\t\t\t\t\t\t\t\t\t\t\t<span class=\"elementor-icon-list-icon\">\n\t\t\t\t\t\t\t<i aria-hidden=\"true\" class=\"fas fa-long-arrow-alt-right\"><\/i>\t\t\t\t\t\t<\/span>\n\t\t\t\t\t\t\t\t\t\t<span class=\"elementor-icon-list-text\">No capital gain on resale<\/span>\n\t\t\t\t\t\t\t\t\t<\/li>\n\t\t\t\t\t\t\t\t<li class=\"elementor-icon-list-item\">\n\t\t\t\t\t\t\t\t\t\t\t<span class=\"elementor-icon-list-icon\">\n\t\t\t\t\t\t\t<i aria-hidden=\"true\" class=\"fas fa-long-arrow-alt-right\"><\/i>\t\t\t\t\t\t<\/span>\n\t\t\t\t\t\t\t\t\t\t<span class=\"elementor-icon-list-text\">Tax treaty with France<\/span>\n\t\t\t\t\t\t\t\t\t<\/li>\n\t\t\t\t\t\t\t\t<li class=\"elementor-icon-list-item\">\n\t\t\t\t\t\t\t\t\t\t\t<span class=\"elementor-icon-list-icon\">\n\t\t\t\t\t\t\t<i aria-hidden=\"true\" class=\"fas fa-long-arrow-alt-right\"><\/i>\t\t\t\t\t\t<\/span>\n\t\t\t\t\t\t\t\t\t\t<span class=\"elementor-icon-list-text\"> Entrepreneurial ease<\/span>\n\t\t\t\t\t\t\t\t\t<\/li>\n\t\t\t\t\t\t<\/ul>\n\t\t\t\t<\/div>\n\t\t\t\t<\/div>\n\t\t\t\t<div class=\"elementor-element elementor-element-fdfdabc elementor-widget-divider--view-line elementor-widget elementor-widget-divider\" data-id=\"fdfdabc\" data-element_type=\"widget\" data-widget_type=\"divider.default\">\n\t\t\t\t<div class=\"elementor-widget-container\">\n\t\t\t\t\t<div class=\"elementor-divider\">\n\t\t\t<span class=\"elementor-divider-separator\">\n\t\t\t\t\t\t<\/span>\n\t\t<\/div>\n\t\t\t\t<\/div>\n\t\t\t\t<\/div>\n\t\t\t\t<div class=\"elementor-element elementor-element-4605531 elementor-widget elementor-widget-heading\" data-id=\"4605531\" data-element_type=\"widget\" data-widget_type=\"heading.default\">\n\t\t\t\t<div class=\"elementor-widget-container\">\n\t\t\t<h4 class=\"elementor-heading-title elementor-size-default\">RETURN OF INVESTMENT MIN OF 7 %<\/h4>\t\t<\/div>\n\t\t\t\t<\/div>\n\t\t\t\t\t<\/div>\n\t\t<\/div>\n\t\t\t\t\t\t\t<\/div>\n\t\t<\/section>\n\t\t\t\t<section class=\"elementor-section elementor-top-section elementor-element elementor-element-79ad347 elementor-section-boxed elementor-section-height-default elementor-section-height-default\" data-id=\"79ad347\" data-element_type=\"section\" data-settings=\"{&quot;background_background&quot;:&quot;classic&quot;}\">\n\t\t\t\t\t\t<div class=\"elementor-container elementor-column-gap-default\">\n\t\t\t\t\t<div class=\"elementor-column elementor-col-100 elementor-top-column elementor-element elementor-element-be2cdd4\" data-id=\"be2cdd4\" data-element_type=\"column\">\n\t\t\t<div class=\"elementor-widget-wrap elementor-element-populated\">\n\t\t\t\t\t\t\t\t<div class=\"elementor-element elementor-element-b0ed15b elementor-widget elementor-widget-heading\" data-id=\"b0ed15b\" data-element_type=\"widget\" data-widget_type=\"heading.default\">\n\t\t\t\t<div class=\"elementor-widget-container\">\n\t\t\t<h2 class=\"elementor-heading-title elementor-size-default\">Every day, incredible opportunities present themselves to you.<br>Chalbi answers all your questions and offers you the opportunity to discover Dubai before any purchase.<\/h2>\t\t<\/div>\n\t\t\t\t<\/div>\n\t\t\t\t\t<\/div>\n\t\t<\/div>\n\t\t\t\t\t\t\t<\/div>\n\t\t<\/section>\n\t\t\t\t\t\t\t<\/div>","protected":false},"excerpt":{"rendered":"<p>International real estate La Maison Dubach helps you invest in Dubai Benefit from expert advice for your project. Maison Dubach answers all your questions. Discover our sales \u2014 Invest with Maison Dubach Why invest in Dubai? Cosmopolitan and dynamic, one of the safest cities in the world and where [\u2026]<\/p>","protected":false},"author":1,"featured_media":0,"parent":0,"menu_order":0,"comment_status":"closed","ping_status":"closed","template":"elementor_header_footer","meta":{"footnotes":""},"class_list":["post-633","page","type-page","status-publish","hentry"],"yoast_head":"<!-- This site is optimized with the Yoast SEO plugin v20.4 - https:\/\/yoast.com\/wordpress\/plugins\/seo\/ -->\n<title>La Maison Dubach - L&#039;immobilier \u00e0 l&#039;international<\/title>\n<meta name=\"robots\" content=\"index, follow, max-snippet:-1, max-image-preview:large, max-video-preview:-1\" \/>\n<link rel=\"canonical\" href=\"https:\/\/lamaisondubach.com\/en\/limmobilier-a-linternational\/\" \/>\n<meta property=\"og:locale\" content=\"en_GB\" \/>\n<meta property=\"og:type\" content=\"article\" \/>\n<meta property=\"og:title\" content=\"La Maison Dubach - L&#039;immobilier \u00e0 l&#039;international\" \/>\n<meta property=\"og:description\" content=\"L&rsquo;immobilier \u00e0 L&rsquo;international La Maison Dubach vous aide \u00e0 investir \u00e0 Duba\u00ef B\u00e9n\u00e9ficiez de conseils avis\u00e9s pour votre projet. \u00a0La Maison Dubach r\u00e9pond \u00e0 toutes vos questions. D\u00e9couvrez nos commercialisations &#8212; Investissez avec la Maison Dubach Pourquoi investir \u00e0 Duba\u00ef ? Cosmopolite et dynamique, une des villes les plus s\u00fbrs du monde et o\u00f9 il [&hellip;]\" \/>\n<meta property=\"og:url\" content=\"https:\/\/lamaisondubach.com\/en\/limmobilier-a-linternational\/\" \/>\n<meta property=\"og:site_name\" content=\"La Maison Dubach\" \/>\n<meta property=\"article:modified_time\" content=\"2024-01-15T11:24:24+00:00\" \/>\n<meta property=\"og:image\" content=\"https:\/\/lamaisondubach.com\/wp-content\/uploads\/2022\/08\/cadre-titre-blanc.svg\" \/>\n<meta name=\"twitter:card\" content=\"summary_large_image\" \/>\n<meta name=\"twitter:label1\" content=\"Estimated reading time\" \/>\n\t<meta name=\"twitter:data1\" content=\"2 minutes\" \/>\n<script type=\"application\/ld+json\" class=\"yoast-schema-graph\">{\"@context\":\"https:\/\/schema.org\",\"@graph\":[{\"@type\":\"WebPage\",\"@id\":\"https:\/\/lamaisondubach.com\/limmobilier-a-linternational\",\"url\":\"https:\/\/lamaisondubach.com\/limmobilier-a-linternational\",\"name\":\"La Maison Dubach - L'immobilier \u00e0 l'international\",\"isPartOf\":{\"@id\":\"https:\/\/lamaisondubach.com\/#website\"},\"datePublished\":\"2022-07-26T13:15:34+00:00\",\"dateModified\":\"2024-01-15T11:24:24+00:00\",\"breadcrumb\":{\"@id\":\"https:\/\/lamaisondubach.com\/limmobilier-a-linternational#breadcrumb\"},\"inLanguage\":\"en-GB\",\"potentialAction\":[{\"@type\":\"ReadAction\",\"target\":[\"https:\/\/lamaisondubach.com\/limmobilier-a-linternational\"]}]},{\"@type\":\"BreadcrumbList\",\"@id\":\"https:\/\/lamaisondubach.com\/limmobilier-a-linternational#breadcrumb\",\"itemListElement\":[{\"@type\":\"ListItem\",\"position\":1,\"name\":\"Accueil\",\"item\":\"https:\/\/lamaisondubach.com\/\"},{\"@type\":\"ListItem\",\"position\":2,\"name\":\"L&rsquo;immobilier \u00e0 l&rsquo;international\"}]},{\"@type\":\"WebSite\",\"@id\":\"https:\/\/lamaisondubach.com\/#website\",\"url\":\"https:\/\/lamaisondubach.com\/\",\"name\":\"La Maison Dubach\",\"description\":\"L&#039;immobilier intentionnellement diff\u00e9rent\",\"publisher\":{\"@id\":\"https:\/\/lamaisondubach.com\/#organization\"},\"potentialAction\":[{\"@type\":\"SearchAction\",\"target\":{\"@type\":\"EntryPoint\",\"urlTemplate\":\"https:\/\/lamaisondubach.com\/?s={search_term_string}\"},\"query-input\":\"required name=search_term_string\"}],\"inLanguage\":\"en-GB\"},{\"@type\":\"Organization\",\"@id\":\"https:\/\/lamaisondubach.com\/#organization\",\"name\":\"La Maison Dubach\",\"url\":\"https:\/\/lamaisondubach.com\/\",\"logo\":{\"@type\":\"ImageObject\",\"inLanguage\":\"en-GB\",\"@id\":\"https:\/\/lamaisondubach.com\/#\/schema\/logo\/image\/\",\"url\":\"https:\/\/lamaisondubach.com\/wp-content\/uploads\/2023\/03\/cropped-MD-ROND-NOIR299876.png\",\"contentUrl\":\"https:\/\/lamaisondubach.com\/wp-content\/uploads\/2023\/03\/cropped-MD-ROND-NOIR299876.png\",\"width\":1826,\"height\":1800,\"caption\":\"La Maison Dubach\"},\"image\":{\"@id\":\"https:\/\/lamaisondubach.com\/#\/schema\/logo\/image\/\"}}]}<\/script>\n<!-- \/ Yoast SEO plugin. -->","yoast_head_json":{"title":"La Maison Dubach - L'immobilier \u00e0 l'international","robots":{"index":"index","follow":"follow","max-snippet":"max-snippet:-1","max-image-preview":"max-image-preview:large","max-video-preview":"max-video-preview:-1"},"canonical":"https:\/\/lamaisondubach.com\/en\/limmobilier-a-linternational\/","og_locale":"en_GB","og_type":"article","og_title":"La Maison Dubach - L'immobilier \u00e0 l'international","og_description":"L&rsquo;immobilier \u00e0 L&rsquo;international La Maison Dubach vous aide \u00e0 investir \u00e0 Duba\u00ef B\u00e9n\u00e9ficiez de conseils avis\u00e9s pour votre projet. \u00a0La Maison Dubach r\u00e9pond \u00e0 toutes vos questions. D\u00e9couvrez nos commercialisations &#8212; Investissez avec la Maison Dubach Pourquoi investir \u00e0 Duba\u00ef ? Cosmopolite et dynamique, une des villes les plus s\u00fbrs du monde et o\u00f9 il [&hellip;]","og_url":"https:\/\/lamaisondubach.com\/en\/limmobilier-a-linternational\/","og_site_name":"La Maison Dubach","article_modified_time":"2024-01-15T11:24:24+00:00","og_image":[{"url":"https:\/\/lamaisondubach.com\/wp-content\/uploads\/2022\/08\/cadre-titre-blanc.svg"}],"twitter_card":"summary_large_image","twitter_misc":{"Estimated reading time":"2 minutes"},"schema":{"@context":"https:\/\/schema.org","@graph":[{"@type":"WebPage","@id":"https:\/\/lamaisondubach.com\/limmobilier-a-linternational","url":"https:\/\/lamaisondubach.com\/limmobilier-a-linternational","name":"La Maison Dubach - L'immobilier \u00e0 l'international","isPartOf":{"@id":"https:\/\/lamaisondubach.com\/#website"},"datePublished":"2022-07-26T13:15:34+00:00","dateModified":"2024-01-15T11:24:24+00:00","breadcrumb":{"@id":"https:\/\/lamaisondubach.com\/limmobilier-a-linternational#breadcrumb"},"inLanguage":"en-GB","potentialAction":[{"@type":"ReadAction","target":["https:\/\/lamaisondubach.com\/limmobilier-a-linternational"]}]},{"@type":"BreadcrumbList","@id":"https:\/\/lamaisondubach.com\/limmobilier-a-linternational#breadcrumb","itemListElement":[{"@type":"ListItem","position":1,"name":"Accueil","item":"https:\/\/lamaisondubach.com\/"},{"@type":"ListItem","position":2,"name":"L&rsquo;immobilier \u00e0 l&rsquo;international"}]},{"@type":"WebSite","@id":"https:\/\/lamaisondubach.com\/#website","url":"https:\/\/lamaisondubach.com\/","name":"La Maison Dubach","description":"L&#039;immobilier intentionnellement diff\u00e9rent","publisher":{"@id":"https:\/\/lamaisondubach.com\/#organization"},"potentialAction":[{"@type":"SearchAction","target":{"@type":"EntryPoint","urlTemplate":"https:\/\/lamaisondubach.com\/?s={search_term_string}"},"query-input":"required name=search_term_string"}],"inLanguage":"en-GB"},{"@type":"Organization","@id":"https:\/\/lamaisondubach.com\/#organization","name":"La Maison Dubach","url":"https:\/\/lamaisondubach.com\/","logo":{"@type":"ImageObject","inLanguage":"en-GB","@id":"https:\/\/lamaisondubach.com\/#\/schema\/logo\/image\/","url":"https:\/\/lamaisondubach.com\/wp-content\/uploads\/2023\/03\/cropped-MD-ROND-NOIR299876.png","contentUrl":"https:\/\/lamaisondubach.com\/wp-content\/uploads\/2023\/03\/cropped-MD-ROND-NOIR299876.png","width":1826,"height":1800,"caption":"La Maison Dubach"},"image":{"@id":"https:\/\/lamaisondubach.com\/#\/schema\/logo\/image\/"}}]}},"_links":{"self":[{"href":"https:\/\/lamaisondubach.com\/en\/wp-json\/wp\/v2\/pages\/633","targetHints":{"allow":["GET"]}}],"collection":[{"href":"https:\/\/lamaisondubach.com\/en\/wp-json\/wp\/v2\/pages"}],"about":[{"href":"https:\/\/lamaisondubach.com\/en\/wp-json\/wp\/v2\/types\/page"}],"author":[{"embeddable":true,"href":"https:\/\/lamaisondubach.com\/en\/wp-json\/wp\/v2\/users\/1"}],"replies":[{"embeddable":true,"href":"https:\/\/lamaisondubach.com\/en\/wp-json\/wp\/v2\/comments?post=633"}],"version-history":[{"count":164,"href":"https:\/\/lamaisondubach.com\/en\/wp-json\/wp\/v2\/pages\/633\/revisions"}],"predecessor-version":[{"id":7212,"href":"https:\/\/lamaisondubach.com\/en\/wp-json\/wp\/v2\/pages\/633\/revisions\/7212"}],"wp:attachment":[{"href":"https:\/\/lamaisondubach.com\/en\/wp-json\/wp\/v2\/media?parent=633"}],"curies":[{"name":"wp","href":"https:\/\/api.w.org\/{rel}","templated":true}]}}