{"id":4939,"date":"2023-05-03T10:55:13","date_gmt":"2023-05-03T08:55:13","guid":{"rendered":"https:\/\/lamaisondubach.com\/?page_id=4939"},"modified":"2026-01-09T02:33:44","modified_gmt":"2026-01-09T00:33:44","slug":"blog","status":"publish","type":"page","link":"https:\/\/lamaisondubach.com\/en\/blog","title":{"rendered":"Editorial"},"content":{"rendered":"<div data-elementor-type=\"wp-page\" data-elementor-id=\"4939\" class=\"elementor elementor-4939\">\n\t\t\t\t\t\t\t\t\t<section class=\"elementor-section elementor-top-section elementor-element elementor-element-81a67f5 elementor-section-full_width elementor-section-height-min-height elementor-section-stretched elementor-section-height-default elementor-section-items-middle\" data-id=\"81a67f5\" data-element_type=\"section\" data-settings=\"{&quot;stretch_section&quot;:&quot;section-stretched&quot;,&quot;background_background&quot;:&quot;classic&quot;}\">\n\t\t\t\t\t\t\t<div class=\"elementor-background-overlay\"><\/div>\n\t\t\t\t\t\t\t<div class=\"elementor-container elementor-column-gap-default\">\n\t\t\t\t\t<div class=\"elementor-column elementor-col-100 elementor-top-column elementor-element elementor-element-a99499b\" data-id=\"a99499b\" data-element_type=\"column\">\n\t\t\t<div class=\"elementor-widget-wrap elementor-element-populated\">\n\t\t\t\t\t\t\t\t<div class=\"elementor-element elementor-element-a319531 elementor-widget elementor-widget-heading\" data-id=\"a319531\" data-element_type=\"widget\" data-widget_type=\"heading.default\">\n\t\t\t\t<div class=\"elementor-widget-container\">\n\t\t\t<h2 class=\"elementor-heading-title elementor-size-default\">Editorial<\/h2>\t\t<\/div>\n\t\t\t\t<\/div>\n\t\t\t\t\t<\/div>\n\t\t<\/div>\n\t\t\t\t\t\t\t<\/div>\n\t\t<\/section>\n\t\t\t\t<section class=\"elementor-section elementor-top-section elementor-element elementor-element-b065737 elementor-section-boxed elementor-section-height-default elementor-section-height-default\" data-id=\"b065737\" data-element_type=\"section\">\n\t\t\t\t\t\t<div class=\"elementor-container elementor-column-gap-default\">\n\t\t\t\t\t<div class=\"elementor-column elementor-col-100 elementor-top-column elementor-element elementor-element-50e8e68\" data-id=\"50e8e68\" data-element_type=\"column\">\n\t\t\t<div class=\"elementor-widget-wrap elementor-element-populated\">\n\t\t\t\t\t\t\t\t<div class=\"elementor-element elementor-element-8dd37e2 elementor-widget elementor-widget-ucaddon_post_blocks\" data-id=\"8dd37e2\" data-element_type=\"widget\" id=\"blogBlocks\" data-widget_type=\"ucaddon_post_blocks.default\">\n\t\t\t\t<div class=\"elementor-widget-container\">\n\t\t\t<!-- start Post Blocks -->\n\t\t<link id='font-awesome-css' href='https:\/\/lamaisondubach.com\/wp-content\/plugins\/unlimited-elements-for-elementor\/assets_libraries\/font-awesome5\/css\/fontawesome-all.min.css' type='text\/css' rel='stylesheet' >\n\t\t<link id='font-awesome-4-shim-css' href='https:\/\/lamaisondubach.com\/wp-content\/plugins\/unlimited-elements-for-elementor\/assets_libraries\/font-awesome5\/css\/fontawesome-v4-shims.css' type='text\/css' rel='stylesheet' >\n\n\t\t\t<style type=\"text\/css\">\/* widget: Post Blocks *\/\n\n#uc_post_blocks_elementor_8dd37e2 {\n    display:grid;\n}\n#uc_post_blocks_elementor_8dd37e2 .ue_post_blocks_box\n{\n  overflow:hidden;\n}\n\n#uc_post_blocks_elementor_8dd37e2 .ue_post_blocks_image\n{\n  overflow:hidden;\n}\n#uc_post_blocks_elementor_8dd37e2 .ue_post_blocks_image img\n{\n  object-fit: cover;\n  object-position:center top;\n  width:100%;\n  display:block;\n}\n#uc_post_blocks_elementor_8dd37e2 .ue_post_blocks_link a\n{\n  display:inline-block;\n  text-decoration:none;\n  text-align:center;\n}\n\n #uc_post_blocks_elementor_8dd37e2 .ue_post_blocks_box img\n{\n  transition:0.5s;\n}\n #uc_post_blocks_elementor_8dd37e2 .ue_post_blocks_box:hover img\n{\n  transform:scale(1.1,1.1);\n}\n\n\n\n\n#uc_post_blocks_elementor_8dd37e2 .ue-grid-item-meta-data\n{\n  display:inlin-flex;\n  flex-wrap: wrap;\n}\n\n.ue-grid-item-meta-data\n{\n  font-size:12px;\n}\n\n#uc_post_blocks_elementor_8dd37e2 .ue-grid-item-meta-data-icon\n{\n  line-height:1em;\n}\n\n#uc_post_blocks_elementor_8dd37e2 .ue-grid-item-meta-data-icon svg\n{\n  width:1em;\n  height:1em;\n}\n\n\n.ue-grid-item-category a\n{\n  display:inline-block;\n  font-size:10px;\n  text-transform:uppercase;\n}\n\n<\/style>\n\n\t\t\t<div id=\"uc_post_blocks_elementor_8dd37e2\" class=\"ue_post_blocks uc-items-wrapper\" >\n    <div class=\"ue_post_blocks_box\">\n    <div class=\"ue_post_blocks_image\">\n    <a href=\"https:\/\/lamaisondubach.com\/en\/la-lecture-immobilire\" style=\"display:block;\"><img loading=\"lazy\" decoding=\"async\" src=\"https:\/\/lamaisondubach.com\/wp-content\/uploads\/2026\/01\/156520-paris_ville-tour_eiffel-batiment-la_journee-lumiere-3840x2160-1-768x432.jpg\"  alt=\"156520-paris_ville-tour_eiffel-batiment-la_journee-lumiere-3840x2160\" width=\"768\" height=\"432\"><\/a>\n  <\/div>\n    <div class=\"ue_post_blocks_content\">\n      \n     \n         \n    <div class=\"ue_post_blocks_title\"><a href=\"https:\/\/lamaisondubach.com\/en\/la-lecture-immobilire\">Real estate reading<\/a><\/div>    \n        \n    \n    <div class=\"ue_post_blocks_text\">Real estate reading<\/div>    <div class=\"ue_post_blocks_link\"><a href=\"https:\/\/lamaisondubach.com\/en\/la-lecture-immobilire\" class=\"\">Read the article<\/a><\/div>    \n  <\/div>\n    \n    \n    \n    \n    \n    \n    \n    \n    \n    \n    \n<\/div>\n<div class=\"ue_post_blocks_box\">\n    <div class=\"ue_post_blocks_image\">\n    <a href=\"https:\/\/lamaisondubach.com\/en\/comment-decorer-son-interieur\" style=\"display:block;\"><img loading=\"lazy\" decoding=\"async\" src=\"https:\/\/lamaisondubach.com\/wp-content\/uploads\/2023\/05\/4430f31d497c437a17011a7d9c08ef85-768x938.jpg\"  alt=\"4430f31d497c437a17011a7d9c08ef85\" width=\"768\" height=\"938\"><\/a>\n  <\/div>\n    <div class=\"ue_post_blocks_content\">\n      \n     \n         \n    <div class=\"ue_post_blocks_title\"><a href=\"https:\/\/lamaisondubach.com\/en\/comment-decorer-son-interieur\">Another way of approaching space<\/a><\/div>    \n        \n    \n    <div class=\"ue_post_blocks_text\">Another way of approaching space. In a world saturated with visual stimuli, this type...<\/div>    <div class=\"ue_post_blocks_link\"><a href=\"https:\/\/lamaisondubach.com\/en\/comment-decorer-son-interieur\" class=\"\">Read the article<\/a><\/div>    \n  <\/div>\n    \n    \n    \n    \n    \n    \n    \n    \n    \n    \n    \n<\/div>\n<div class=\"ue_post_blocks_box\">\n    <div class=\"ue_post_blocks_image\">\n    <a href=\"https:\/\/lamaisondubach.com\/en\/lesmotsdelafondatrice\" style=\"display:block;\"><img loading=\"lazy\" decoding=\"async\" src=\"https:\/\/lamaisondubach.com\/wp-content\/uploads\/2022\/07\/ChatGPT-Image-9-janv.-2026-01_08_25-768x512.png\"  alt=\"ChatGPT Image 9 janv\" width=\"768\" height=\"512\"><\/a>\n  <\/div>\n    <div class=\"ue_post_blocks_content\">\n      \n     \n         \n    <div class=\"ue_post_blocks_title\"><a href=\"https:\/\/lamaisondubach.com\/en\/lesmotsdelafondatrice\">The founder&#039;s words<\/a><\/div>    \n        \n    \n    <div class=\"ue_post_blocks_text\">Words about time, choices, and how to inhabit one&#039;s life.<\/div>    <div class=\"ue_post_blocks_link\"><a href=\"https:\/\/lamaisondubach.com\/en\/lesmotsdelafondatrice\" class=\"\">Read the article<\/a><\/div>    \n  <\/div>\n    \n    \n    \n    \n    \n    \n    \n    \n    \n    \n    \n<\/div>\n\n<\/div>\n\t\t\t<!-- end Post Blocks -->\t\t<\/div>\n\t\t\t\t<\/div>\n\t\t\t\t\t<\/div>\n\t\t<\/div>\n\t\t\t\t\t\t\t<\/div>\n\t\t<\/section>\n\t\t\t\t\t\t\t<\/div>","protected":false},"excerpt":{"rendered":"<p>Editorial Another way of approaching space Another way of approaching space In a world saturated with visual stimuli, this type\u2026 Read the article Real estate reading Real estate reading Read the article Words from the founder Words on time, choices, and how to inhabit one&#039;s life. Read the article<\/p>","protected":false},"author":2,"featured_media":0,"parent":0,"menu_order":0,"comment_status":"closed","ping_status":"closed","template":"elementor_header_footer","meta":{"footnotes":""},"class_list":["post-4939","page","type-page","status-publish","hentry"],"yoast_head":"<!-- This site is optimized with the Yoast SEO plugin v20.4 - https:\/\/yoast.com\/wordpress\/plugins\/seo\/ -->\n<title>La Maison Dubach - Editorial<\/title>\n<meta name=\"robots\" content=\"index, follow, max-snippet:-1, max-image-preview:large, max-video-preview:-1\" \/>\n<link rel=\"canonical\" href=\"https:\/\/lamaisondubach.com\/en\/blog\/\" \/>\n<meta property=\"og:locale\" content=\"en_GB\" \/>\n<meta property=\"og:type\" content=\"article\" \/>\n<meta property=\"og:title\" content=\"La Maison Dubach - Editorial\" \/>\n<meta property=\"og:description\" content=\"Editorial Une autre fa\u00e7on d\u2019aborder l\u2019espace Une autre fa\u00e7on d&rsquo;aborder l&rsquo;espace Dans un monde satur\u00e9 de stimuli visuels, ce type&#8230; Lire l&rsquo;article La lecture immobili\u00e8re La lecture immobili\u00e8re Lire l&rsquo;article Les mots de la fondatrice Des mots sur le temps, les choix et la mani\u00e8re d\u2019habiter sa vie. Lire l&rsquo;article\" \/>\n<meta property=\"og:url\" content=\"https:\/\/lamaisondubach.com\/en\/blog\/\" \/>\n<meta property=\"og:site_name\" content=\"La Maison Dubach\" \/>\n<meta property=\"article:modified_time\" content=\"2026-01-09T00:33:44+00:00\" \/>\n<meta property=\"og:image\" content=\"https:\/\/lamaisondubach.com\/wp-content\/uploads\/2023\/05\/4430f31d497c437a17011a7d9c08ef85-768x938.jpg\" \/>\n<meta name=\"twitter:card\" content=\"summary_large_image\" \/>\n<meta name=\"twitter:label1\" content=\"Estimated reading time\" \/>\n\t<meta name=\"twitter:data1\" content=\"2 minutes\" \/>\n<script type=\"application\/ld+json\" class=\"yoast-schema-graph\">{\"@context\":\"https:\/\/schema.org\",\"@graph\":[{\"@type\":\"WebPage\",\"@id\":\"https:\/\/lamaisondubach.com\/blog\",\"url\":\"https:\/\/lamaisondubach.com\/blog\",\"name\":\"La Maison Dubach - Editorial\",\"isPartOf\":{\"@id\":\"https:\/\/lamaisondubach.com\/#website\"},\"datePublished\":\"2023-05-03T08:55:13+00:00\",\"dateModified\":\"2026-01-09T00:33:44+00:00\",\"breadcrumb\":{\"@id\":\"https:\/\/lamaisondubach.com\/blog#breadcrumb\"},\"inLanguage\":\"en-GB\",\"potentialAction\":[{\"@type\":\"ReadAction\",\"target\":[\"https:\/\/lamaisondubach.com\/blog\"]}]},{\"@type\":\"BreadcrumbList\",\"@id\":\"https:\/\/lamaisondubach.com\/blog#breadcrumb\",\"itemListElement\":[{\"@type\":\"ListItem\",\"position\":1,\"name\":\"Accueil\",\"item\":\"https:\/\/lamaisondubach.com\/\"},{\"@type\":\"ListItem\",\"position\":2,\"name\":\"Editorial\"}]},{\"@type\":\"WebSite\",\"@id\":\"https:\/\/lamaisondubach.com\/#website\",\"url\":\"https:\/\/lamaisondubach.com\/\",\"name\":\"La Maison Dubach\",\"description\":\"L&#039;immobilier intentionnellement diff\u00e9rent\",\"publisher\":{\"@id\":\"https:\/\/lamaisondubach.com\/#organization\"},\"potentialAction\":[{\"@type\":\"SearchAction\",\"target\":{\"@type\":\"EntryPoint\",\"urlTemplate\":\"https:\/\/lamaisondubach.com\/?s={search_term_string}\"},\"query-input\":\"required name=search_term_string\"}],\"inLanguage\":\"en-GB\"},{\"@type\":\"Organization\",\"@id\":\"https:\/\/lamaisondubach.com\/#organization\",\"name\":\"La Maison Dubach\",\"url\":\"https:\/\/lamaisondubach.com\/\",\"logo\":{\"@type\":\"ImageObject\",\"inLanguage\":\"en-GB\",\"@id\":\"https:\/\/lamaisondubach.com\/#\/schema\/logo\/image\/\",\"url\":\"https:\/\/lamaisondubach.com\/wp-content\/uploads\/2023\/03\/cropped-MD-ROND-NOIR299876.png\",\"contentUrl\":\"https:\/\/lamaisondubach.com\/wp-content\/uploads\/2023\/03\/cropped-MD-ROND-NOIR299876.png\",\"width\":1826,\"height\":1800,\"caption\":\"La Maison Dubach\"},\"image\":{\"@id\":\"https:\/\/lamaisondubach.com\/#\/schema\/logo\/image\/\"}}]}<\/script>\n<!-- \/ Yoast SEO plugin. -->","yoast_head_json":{"title":"La Maison Dubach - Editorial","robots":{"index":"index","follow":"follow","max-snippet":"max-snippet:-1","max-image-preview":"max-image-preview:large","max-video-preview":"max-video-preview:-1"},"canonical":"https:\/\/lamaisondubach.com\/en\/blog\/","og_locale":"en_GB","og_type":"article","og_title":"La Maison Dubach - Editorial","og_description":"Editorial Une autre fa\u00e7on d\u2019aborder l\u2019espace Une autre fa\u00e7on d&rsquo;aborder l&rsquo;espace Dans un monde satur\u00e9 de stimuli visuels, ce type&#8230; Lire l&rsquo;article La lecture immobili\u00e8re La lecture immobili\u00e8re Lire l&rsquo;article Les mots de la fondatrice Des mots sur le temps, les choix et la mani\u00e8re d\u2019habiter sa vie. Lire l&rsquo;article","og_url":"https:\/\/lamaisondubach.com\/en\/blog\/","og_site_name":"La Maison Dubach","article_modified_time":"2026-01-09T00:33:44+00:00","og_image":[{"url":"https:\/\/lamaisondubach.com\/wp-content\/uploads\/2023\/05\/4430f31d497c437a17011a7d9c08ef85-768x938.jpg"}],"twitter_card":"summary_large_image","twitter_misc":{"Estimated reading time":"2 minutes"},"schema":{"@context":"https:\/\/schema.org","@graph":[{"@type":"WebPage","@id":"https:\/\/lamaisondubach.com\/blog","url":"https:\/\/lamaisondubach.com\/blog","name":"La Maison Dubach - Editorial","isPartOf":{"@id":"https:\/\/lamaisondubach.com\/#website"},"datePublished":"2023-05-03T08:55:13+00:00","dateModified":"2026-01-09T00:33:44+00:00","breadcrumb":{"@id":"https:\/\/lamaisondubach.com\/blog#breadcrumb"},"inLanguage":"en-GB","potentialAction":[{"@type":"ReadAction","target":["https:\/\/lamaisondubach.com\/blog"]}]},{"@type":"BreadcrumbList","@id":"https:\/\/lamaisondubach.com\/blog#breadcrumb","itemListElement":[{"@type":"ListItem","position":1,"name":"Accueil","item":"https:\/\/lamaisondubach.com\/"},{"@type":"ListItem","position":2,"name":"Editorial"}]},{"@type":"WebSite","@id":"https:\/\/lamaisondubach.com\/#website","url":"https:\/\/lamaisondubach.com\/","name":"La Maison Dubach","description":"L&#039;immobilier intentionnellement diff\u00e9rent","publisher":{"@id":"https:\/\/lamaisondubach.com\/#organization"},"potentialAction":[{"@type":"SearchAction","target":{"@type":"EntryPoint","urlTemplate":"https:\/\/lamaisondubach.com\/?s={search_term_string}"},"query-input":"required name=search_term_string"}],"inLanguage":"en-GB"},{"@type":"Organization","@id":"https:\/\/lamaisondubach.com\/#organization","name":"La Maison Dubach","url":"https:\/\/lamaisondubach.com\/","logo":{"@type":"ImageObject","inLanguage":"en-GB","@id":"https:\/\/lamaisondubach.com\/#\/schema\/logo\/image\/","url":"https:\/\/lamaisondubach.com\/wp-content\/uploads\/2023\/03\/cropped-MD-ROND-NOIR299876.png","contentUrl":"https:\/\/lamaisondubach.com\/wp-content\/uploads\/2023\/03\/cropped-MD-ROND-NOIR299876.png","width":1826,"height":1800,"caption":"La Maison Dubach"},"image":{"@id":"https:\/\/lamaisondubach.com\/#\/schema\/logo\/image\/"}}]}},"_links":{"self":[{"href":"https:\/\/lamaisondubach.com\/en\/wp-json\/wp\/v2\/pages\/4939","targetHints":{"allow":["GET"]}}],"collection":[{"href":"https:\/\/lamaisondubach.com\/en\/wp-json\/wp\/v2\/pages"}],"about":[{"href":"https:\/\/lamaisondubach.com\/en\/wp-json\/wp\/v2\/types\/page"}],"author":[{"embeddable":true,"href":"https:\/\/lamaisondubach.com\/en\/wp-json\/wp\/v2\/users\/2"}],"replies":[{"embeddable":true,"href":"https:\/\/lamaisondubach.com\/en\/wp-json\/wp\/v2\/comments?post=4939"}],"version-history":[{"count":69,"href":"https:\/\/lamaisondubach.com\/en\/wp-json\/wp\/v2\/pages\/4939\/revisions"}],"predecessor-version":[{"id":8047,"href":"https:\/\/lamaisondubach.com\/en\/wp-json\/wp\/v2\/pages\/4939\/revisions\/8047"}],"wp:attachment":[{"href":"https:\/\/lamaisondubach.com\/en\/wp-json\/wp\/v2\/media?parent=4939"}],"curies":[{"name":"wp","href":"https:\/\/api.w.org\/{rel}","templated":true}]}}