{"id":406,"date":"2022-07-12T10:12:37","date_gmt":"2022-07-12T10:12:37","guid":{"rendered":"http:\/\/lamaisondubach.com\/?page_id=406"},"modified":"2026-01-08T20:24:46","modified_gmt":"2026-01-08T18:24:46","slug":"accueil","status":"publish","type":"page","link":"https:\/\/lamaisondubach.com\/en\/","title":{"rendered":"Welcome"},"content":{"rendered":"<div data-elementor-type=\"wp-page\" data-elementor-id=\"406\" class=\"elementor elementor-406\">\n\t\t\t\t\t\t\t\t\t<section class=\"elementor-section elementor-top-section elementor-element elementor-element-9298f5b elementor-section-height-min-height elementor-section-full_width elementor-section-height-default elementor-section-items-middle\" data-id=\"9298f5b\" data-element_type=\"section\" data-settings=\"{&quot;background_background&quot;:&quot;classic&quot;}\">\n\t\t\t\t\t\t\t<div class=\"elementor-background-overlay\"><\/div>\n\t\t\t\t\t\t\t<div class=\"elementor-container elementor-column-gap-default\">\n\t\t\t\t\t<div class=\"elementor-column elementor-col-100 elementor-top-column elementor-element elementor-element-5cd3dea\" data-id=\"5cd3dea\" data-element_type=\"column\">\n\t\t\t<div class=\"elementor-widget-wrap elementor-element-populated\">\n\t\t\t\t\t\t\t\t<div class=\"elementor-element elementor-element-dd51424 elementor-widget__width-auto elementor-widget elementor-widget-image\" data-id=\"dd51424\" data-element_type=\"widget\" data-settings=\"{&quot;motion_fx_motion_fx_scrolling&quot;:&quot;yes&quot;,&quot;motion_fx_rotateZ_effect&quot;:&quot;yes&quot;,&quot;motion_fx_rotateZ_speed&quot;:{&quot;unit&quot;:&quot;px&quot;,&quot;size&quot;:2.2,&quot;sizes&quot;:[]},&quot;motion_fx_rotateZ_affectedRange&quot;:{&quot;unit&quot;:&quot;%&quot;,&quot;size&quot;:&quot;&quot;,&quot;sizes&quot;:{&quot;start&quot;:0,&quot;end&quot;:100}},&quot;motion_fx_devices&quot;:[&quot;desktop&quot;,&quot;tablet&quot;,&quot;mobile&quot;]}\" data-widget_type=\"image.default\">\n\t\t\t\t<div class=\"elementor-widget-container\">\n\t\t\t\t\t\t\t\t\t\t\t\t\t\t\t<img loading=\"lazy\" decoding=\"async\" width=\"512\" height=\"512\" src=\"https:\/\/lamaisondubach.com\/wp-content\/uploads\/2023\/03\/cropped-MD-RONDPLEIN-BLANC.png\" class=\"attachment-full size-full wp-image-3765\" alt=\"\" srcset=\"https:\/\/lamaisondubach.com\/wp-content\/uploads\/2023\/03\/cropped-MD-RONDPLEIN-BLANC.png 512w, https:\/\/lamaisondubach.com\/wp-content\/uploads\/2023\/03\/cropped-MD-RONDPLEIN-BLANC-300x300.png 300w, https:\/\/lamaisondubach.com\/wp-content\/uploads\/2023\/03\/cropped-MD-RONDPLEIN-BLANC-150x150.png 150w, https:\/\/lamaisondubach.com\/wp-content\/uploads\/2023\/03\/cropped-MD-RONDPLEIN-BLANC-12x12.png 12w, https:\/\/lamaisondubach.com\/wp-content\/uploads\/2023\/03\/cropped-MD-RONDPLEIN-BLANC-270x270.png 270w, https:\/\/lamaisondubach.com\/wp-content\/uploads\/2023\/03\/cropped-MD-RONDPLEIN-BLANC-192x192.png 192w, https:\/\/lamaisondubach.com\/wp-content\/uploads\/2023\/03\/cropped-MD-RONDPLEIN-BLANC-180x180.png 180w, https:\/\/lamaisondubach.com\/wp-content\/uploads\/2023\/03\/cropped-MD-RONDPLEIN-BLANC-32x32.png 32w\" sizes=\"auto, (max-width: 512px) 100vw, 512px\" \/>\t\t\t\t\t\t\t\t\t\t\t\t\t\t\t<\/div>\n\t\t\t\t<\/div>\n\t\t\t\t<div class=\"elementor-element elementor-element-3affc0a elementor-widget__width-inherit elementor-absolute elementor-widget elementor-widget-heading\" data-id=\"3affc0a\" data-element_type=\"widget\" data-settings=\"{&quot;_position&quot;:&quot;absolute&quot;}\" data-widget_type=\"heading.default\">\n\t\t\t\t<div class=\"elementor-widget-container\">\n\t\t\t<h2 class=\"elementor-heading-title elementor-size-default\"><marquee behavior=\"scroll\" direction=\"left\">Real estate with feminine essences <\/marquee><\/h2>\t\t<\/div>\n\t\t\t\t<\/div>\n\t\t\t\t\t<\/div>\n\t\t<\/div>\n\t\t\t\t\t\t\t<\/div>\n\t\t<\/section>\n\t\t\t\t<section class=\"elementor-section elementor-top-section elementor-element elementor-element-2fddc0c elementor-section-boxed elementor-section-height-default elementor-section-height-default elementor-invisible\" data-id=\"2fddc0c\" data-element_type=\"section\" data-settings=\"{&quot;animation&quot;:&quot;fadeIn&quot;,&quot;background_background&quot;:&quot;slideshow&quot;,&quot;background_slideshow_gallery&quot;:[],&quot;background_slideshow_loop&quot;:&quot;yes&quot;,&quot;background_slideshow_slide_duration&quot;:5000,&quot;background_slideshow_slide_transition&quot;:&quot;fade&quot;,&quot;background_slideshow_transition_duration&quot;:500}\">\n\t\t\t\t\t\t<div class=\"elementor-container elementor-column-gap-default\">\n\t\t\t\t\t<div class=\"elementor-column elementor-col-33 elementor-top-column elementor-element elementor-element-e1a02db\" data-id=\"e1a02db\" data-element_type=\"column\" data-settings=\"{&quot;background_background&quot;:&quot;slideshow&quot;,&quot;background_slideshow_gallery&quot;:[],&quot;background_slideshow_loop&quot;:&quot;yes&quot;,&quot;background_slideshow_slide_duration&quot;:5000,&quot;background_slideshow_slide_transition&quot;:&quot;fade&quot;,&quot;background_slideshow_transition_duration&quot;:500}\">\n\t\t\t<div class=\"elementor-widget-wrap elementor-element-populated\">\n\t\t\t\t\t\t\t\t<div class=\"elementor-element elementor-element-64c38e3 elementor-widget elementor-widget-image\" data-id=\"64c38e3\" data-element_type=\"widget\" data-widget_type=\"image.default\">\n\t\t\t\t<div class=\"elementor-widget-container\">\n\t\t\t\t\t\t\t\t\t\t\t\t<figure class=\"wp-caption\">\n\t\t\t\t\t\t\t\t\t\t<img loading=\"lazy\" decoding=\"async\" width=\"580\" height=\"871\" src=\"https:\/\/lamaisondubach.com\/wp-content\/uploads\/2023\/10\/unnamed-3-e1696269395369-682x1024.jpg\" class=\"attachment-large size-large wp-image-6494\" alt=\"\" srcset=\"https:\/\/lamaisondubach.com\/wp-content\/uploads\/2023\/10\/unnamed-3-e1696269395369-682x1024.jpg 682w, https:\/\/lamaisondubach.com\/wp-content\/uploads\/2023\/10\/unnamed-3-e1696269395369-600x901.jpg 600w, https:\/\/lamaisondubach.com\/wp-content\/uploads\/2023\/10\/unnamed-3-e1696269395369-200x300.jpg 200w, https:\/\/lamaisondubach.com\/wp-content\/uploads\/2023\/10\/unnamed-3-e1696269395369-768x1153.jpg 768w, https:\/\/lamaisondubach.com\/wp-content\/uploads\/2023\/10\/unnamed-3-e1696269395369-8x12.jpg 8w, https:\/\/lamaisondubach.com\/wp-content\/uploads\/2023\/10\/unnamed-3-e1696269395369.jpg 1014w\" sizes=\"auto, (max-width: 580px) 100vw, 580px\" \/>\t\t\t\t\t\t\t\t\t\t\t<figcaption class=\"widget-image-caption wp-caption-text\">Samia CHALBI, Founder of La Maison Dubach<\/figcaption>\n\t\t\t\t\t\t\t\t\t\t<\/figure>\n\t\t\t\t\t\t\t\t\t<\/div>\n\t\t\t\t<\/div>\n\t\t\t\t\t<\/div>\n\t\t<\/div>\n\t\t\t\t<div class=\"elementor-column elementor-col-66 elementor-top-column elementor-element elementor-element-43d82e0\" data-id=\"43d82e0\" data-element_type=\"column\">\n\t\t\t<div class=\"elementor-widget-wrap elementor-element-populated\">\n\t\t\t\t\t\t\t\t<div class=\"elementor-element elementor-element-05ba0b9 elementor-widget__width-initial elementor-widget-tablet__width-initial elementor-widget-mobile__width-initial elementor-widget elementor-widget-text-editor\" data-id=\"05ba0b9\" data-element_type=\"widget\" data-widget_type=\"text-editor.default\">\n\t\t\t\t<div class=\"elementor-widget-container\">\n\t\t\t\t\t\t\t<p data-start=\"190\" data-end=\"462\">Since 2017, I have been working in real estate with an intentionally different approach. I have built my network naturally, over time, through projects and encounters, without ever adhering to classic prospecting methods or standardized schemes.<\/p><p data-start=\"464\" data-end=\"796\">I have proven myself on high-end properties worth several million euros as well as on more affordable projects, from Avenue Marceau to the Parisian suburbs. Because beyond the amount, the essential thing has always been the same: to support each client with the same high standards, the same commitment, and the same precision.<\/p><p data-start=\"798\" data-end=\"1190\">Maison Dubach was born from this vision. A structure designed to operate freely, outside of imposed frameworks, and to offer tailored support based on relationship, trust, and intuition. Real estate naturally emerged as the first arena for expressing this approach, which I then structured through training in real estate management.<\/p><p data-start=\"1192\" data-end=\"1491\">Over time, this vision has expanded beyond national borders. Today, La Maison Dubach supports projects in France, Dubai, Morocco, England, and Mauritius, relying on a network of selected partners and a keen understanding of local and international expectations.<\/p><p data-start=\"1493\" data-end=\"1814\">Other disciplines have enriched this world. Interior architecture, rental solutions, and a selection of objects designed for the home have naturally complemented this comprehensive approach. Each area has been learned, integrated, and mastered before being offered, with a focus on coherence and high standards.<\/p><p data-start=\"1816\" data-end=\"2074\">Today, La Maison Dubach is a brand that I built from scratch. It embodies intentionally different real estate, driven by a vision, a network and a unique way of supporting life projects, both in France and internationally.<\/p>\t\t\t\t\t\t<\/div>\n\t\t\t\t<\/div>\n\t\t\t\t\t<\/div>\n\t\t<\/div>\n\t\t\t\t\t\t\t<\/div>\n\t\t<\/section>\n\t\t\t\t<section class=\"elementor-section elementor-top-section elementor-element elementor-element-8550e38 elementor-section-full_width elementor-section-height-default elementor-section-height-default\" data-id=\"8550e38\" data-element_type=\"section\" id=\"immobilier\">\n\t\t\t\t\t\t<div class=\"elementor-container elementor-column-gap-default\">\n\t\t\t\t\t<div class=\"elementor-column elementor-col-100 elementor-top-column elementor-element elementor-element-223a775\" data-id=\"223a775\" data-element_type=\"column\">\n\t\t\t<div class=\"elementor-widget-wrap elementor-element-populated\">\n\t\t\t\t\t\t\t\t<div class=\"elementor-element elementor-element-8aad3b7 elementor--h-position-left elementor--v-position-middle elementor-widget elementor-widget-slides\" data-id=\"8aad3b7\" data-element_type=\"widget\" id=\"slider-immobilier\" data-settings=\"{&quot;navigation&quot;:&quot;none&quot;,&quot;transition&quot;:&quot;slide&quot;,&quot;transition_speed&quot;:500}\" data-widget_type=\"slides.default\">\n\t\t\t\t<div class=\"elementor-widget-container\">\n\t\t\t\t\t<div class=\"elementor-swiper\">\n\t\t\t<div class=\"elementor-slides-wrapper elementor-main-swiper swiper-container\" dir=\"ltr\" data-animation=\"\">\n\t\t\t\t<div class=\"swiper-wrapper elementor-slides\">\n\t\t\t\t\t\t\t\t\t\t<div class=\"elementor-repeater-item-f028e3b swiper-slide\"><div class=\"swiper-slide-bg elementor-ken-burns elementor-ken-burns--out\"><\/div><div class=\"elementor-background-overlay\"><\/div><a class=\"swiper-slide-inner\" href=\"https:\/\/lamaisondubach.com\/en\/nos-services\/\"><div class=\"swiper-slide-contents\"><div class=\"elementor-slide-heading\">real estate in France<\/div><div class=\"elementor-slide-description\"><hr width=\"10%\" color=\"#fff\">\n<br> \n<div class=\"textRotated ET insideSliderImmo\"> <\/div><\/div><div  class=\"elementor-button elementor-slide-button elementor-size-xs\">I discover<\/div><\/div><\/a><\/div><div class=\"elementor-repeater-item-101715f swiper-slide\"><div class=\"swiper-slide-bg elementor-ken-burns elementor-ken-burns--in\"><\/div><div class=\"elementor-background-overlay\"><\/div><a class=\"swiper-slide-inner\" href=\"https:\/\/lamaisondubach.com\/en\/limmobilier-a-linternational\/\"><div class=\"swiper-slide-contents\"><div class=\"elementor-slide-heading\">International real estate<\/div><div class=\"elementor-slide-description\"><hr width=\"10%\" color=\"#fff\">\n<br>\n<div class=\"textRotated insideSliderImmo\"><\/div><\/div><div  class=\"elementor-button elementor-slide-button elementor-size-xs\">I discover<\/div><\/div><\/a><\/div>\t\t\t\t<\/div>\n\t\t\t\t\t\t\t\t\t\t\t\t\t\t\t\t\t\t\t\t\t<\/div>\n\t\t<\/div>\n\t\t\t\t<\/div>\n\t\t\t\t<\/div>\n\t\t\t\t\t<\/div>\n\t\t<\/div>\n\t\t\t\t\t\t\t<\/div>\n\t\t<\/section>\n\t\t\t\t\t\t\t<\/div>","protected":false},"excerpt":{"rendered":"<p>Real Estate with a Feminine Touch: Samia Chalbi, Founder of La Maison Dubach. Since 2017, I have been working in real estate with an intentionally different approach. I built my network organically, over time, through projects and encounters, without ever adhering to traditional prospecting methods or standardized approaches. I have proven myself both [\u2026]<\/p>","protected":false},"author":2,"featured_media":0,"parent":0,"menu_order":0,"comment_status":"closed","ping_status":"closed","template":"elementor_header_footer","meta":{"footnotes":""},"class_list":["post-406","page","type-page","status-publish","hentry"],"yoast_head":"<!-- This site is optimized with the Yoast SEO plugin v20.4 - https:\/\/yoast.com\/wordpress\/plugins\/seo\/ -->\n<title>La Maison Dubach - L&#039;immobilier intentionnellement diff\u00e9rent<\/title>\n<meta name=\"robots\" content=\"index, follow, max-snippet:-1, max-image-preview:large, max-video-preview:-1\" \/>\n<link rel=\"canonical\" href=\"https:\/\/lamaisondubach.com\/en\/\" \/>\n<meta property=\"og:locale\" content=\"en_GB\" \/>\n<meta property=\"og:type\" content=\"article\" \/>\n<meta property=\"og:title\" content=\"La Maison Dubach - L&#039;immobilier intentionnellement diff\u00e9rent\" \/>\n<meta property=\"og:description\" content=\"L&rsquo;immobilier aux essences f\u00e9minines Samia CHALBI, Fondatrice de La Maison Dubach Depuis 2017, j\u2019\u00e9volue dans l\u2019immobilier avec une approche intentionnellement diff\u00e9rente. J\u2019ai construit mon r\u00e9seau de mani\u00e8re naturelle, au fil du temps, des projets et des rencontres, sans jamais adh\u00e9rer aux m\u00e9thodes de prospection classiques ni aux sch\u00e9mas standardis\u00e9s. J\u2019ai fait mes preuves aussi bien [&hellip;]\" \/>\n<meta property=\"og:url\" content=\"https:\/\/lamaisondubach.com\/en\/\" \/>\n<meta property=\"og:site_name\" content=\"La Maison Dubach\" \/>\n<meta property=\"article:modified_time\" content=\"2026-01-08T18:24:46+00:00\" \/>\n<meta property=\"og:image\" content=\"https:\/\/lamaisondubach.com\/wp-content\/uploads\/2023\/03\/cropped-MD-RONDPLEIN-BLANC.png\" \/>\n<meta name=\"twitter:card\" content=\"summary_large_image\" \/>\n<meta name=\"twitter:label1\" content=\"Estimated reading time\" \/>\n\t<meta name=\"twitter:data1\" content=\"2 minutes\" \/>\n<script type=\"application\/ld+json\" class=\"yoast-schema-graph\">{\"@context\":\"https:\/\/schema.org\",\"@graph\":[{\"@type\":\"WebPage\",\"@id\":\"https:\/\/lamaisondubach.com\/\",\"url\":\"https:\/\/lamaisondubach.com\/\",\"name\":\"La Maison Dubach - L'immobilier intentionnellement diff\u00e9rent\",\"isPartOf\":{\"@id\":\"https:\/\/lamaisondubach.com\/#website\"},\"datePublished\":\"2022-07-12T10:12:37+00:00\",\"dateModified\":\"2026-01-08T18:24:46+00:00\",\"breadcrumb\":{\"@id\":\"https:\/\/lamaisondubach.com\/#breadcrumb\"},\"inLanguage\":\"en-GB\",\"potentialAction\":[{\"@type\":\"ReadAction\",\"target\":[\"https:\/\/lamaisondubach.com\/\"]}]},{\"@type\":\"BreadcrumbList\",\"@id\":\"https:\/\/lamaisondubach.com\/#breadcrumb\",\"itemListElement\":[{\"@type\":\"ListItem\",\"position\":1,\"name\":\"Accueil\",\"item\":\"https:\/\/lamaisondubach.com\/\"},{\"@type\":\"ListItem\",\"position\":2,\"name\":\"Accueil\"}]},{\"@type\":\"WebSite\",\"@id\":\"https:\/\/lamaisondubach.com\/#website\",\"url\":\"https:\/\/lamaisondubach.com\/\",\"name\":\"La Maison Dubach\",\"description\":\"L&#039;immobilier intentionnellement diff\u00e9rent\",\"publisher\":{\"@id\":\"https:\/\/lamaisondubach.com\/#organization\"},\"potentialAction\":[{\"@type\":\"SearchAction\",\"target\":{\"@type\":\"EntryPoint\",\"urlTemplate\":\"https:\/\/lamaisondubach.com\/?s={search_term_string}\"},\"query-input\":\"required name=search_term_string\"}],\"inLanguage\":\"en-GB\"},{\"@type\":\"Organization\",\"@id\":\"https:\/\/lamaisondubach.com\/#organization\",\"name\":\"La Maison Dubach\",\"url\":\"https:\/\/lamaisondubach.com\/\",\"logo\":{\"@type\":\"ImageObject\",\"inLanguage\":\"en-GB\",\"@id\":\"https:\/\/lamaisondubach.com\/#\/schema\/logo\/image\/\",\"url\":\"https:\/\/lamaisondubach.com\/wp-content\/uploads\/2023\/03\/cropped-MD-ROND-NOIR299876.png\",\"contentUrl\":\"https:\/\/lamaisondubach.com\/wp-content\/uploads\/2023\/03\/cropped-MD-ROND-NOIR299876.png\",\"width\":1826,\"height\":1800,\"caption\":\"La Maison Dubach\"},\"image\":{\"@id\":\"https:\/\/lamaisondubach.com\/#\/schema\/logo\/image\/\"}}]}<\/script>\n<!-- \/ Yoast SEO plugin. -->","yoast_head_json":{"title":"La Maison Dubach - L'immobilier intentionnellement diff\u00e9rent","robots":{"index":"index","follow":"follow","max-snippet":"max-snippet:-1","max-image-preview":"max-image-preview:large","max-video-preview":"max-video-preview:-1"},"canonical":"https:\/\/lamaisondubach.com\/en\/","og_locale":"en_GB","og_type":"article","og_title":"La Maison Dubach - L'immobilier intentionnellement diff\u00e9rent","og_description":"L&rsquo;immobilier aux essences f\u00e9minines Samia CHALBI, Fondatrice de La Maison Dubach Depuis 2017, j\u2019\u00e9volue dans l\u2019immobilier avec une approche intentionnellement diff\u00e9rente. J\u2019ai construit mon r\u00e9seau de mani\u00e8re naturelle, au fil du temps, des projets et des rencontres, sans jamais adh\u00e9rer aux m\u00e9thodes de prospection classiques ni aux sch\u00e9mas standardis\u00e9s. J\u2019ai fait mes preuves aussi bien [&hellip;]","og_url":"https:\/\/lamaisondubach.com\/en\/","og_site_name":"La Maison Dubach","article_modified_time":"2026-01-08T18:24:46+00:00","og_image":[{"url":"https:\/\/lamaisondubach.com\/wp-content\/uploads\/2023\/03\/cropped-MD-RONDPLEIN-BLANC.png"}],"twitter_card":"summary_large_image","twitter_misc":{"Estimated reading time":"2 minutes"},"schema":{"@context":"https:\/\/schema.org","@graph":[{"@type":"WebPage","@id":"https:\/\/lamaisondubach.com\/","url":"https:\/\/lamaisondubach.com\/","name":"La Maison Dubach - L'immobilier intentionnellement diff\u00e9rent","isPartOf":{"@id":"https:\/\/lamaisondubach.com\/#website"},"datePublished":"2022-07-12T10:12:37+00:00","dateModified":"2026-01-08T18:24:46+00:00","breadcrumb":{"@id":"https:\/\/lamaisondubach.com\/#breadcrumb"},"inLanguage":"en-GB","potentialAction":[{"@type":"ReadAction","target":["https:\/\/lamaisondubach.com\/"]}]},{"@type":"BreadcrumbList","@id":"https:\/\/lamaisondubach.com\/#breadcrumb","itemListElement":[{"@type":"ListItem","position":1,"name":"Accueil","item":"https:\/\/lamaisondubach.com\/"},{"@type":"ListItem","position":2,"name":"Accueil"}]},{"@type":"WebSite","@id":"https:\/\/lamaisondubach.com\/#website","url":"https:\/\/lamaisondubach.com\/","name":"La Maison Dubach","description":"L&#039;immobilier intentionnellement diff\u00e9rent","publisher":{"@id":"https:\/\/lamaisondubach.com\/#organization"},"potentialAction":[{"@type":"SearchAction","target":{"@type":"EntryPoint","urlTemplate":"https:\/\/lamaisondubach.com\/?s={search_term_string}"},"query-input":"required name=search_term_string"}],"inLanguage":"en-GB"},{"@type":"Organization","@id":"https:\/\/lamaisondubach.com\/#organization","name":"La Maison Dubach","url":"https:\/\/lamaisondubach.com\/","logo":{"@type":"ImageObject","inLanguage":"en-GB","@id":"https:\/\/lamaisondubach.com\/#\/schema\/logo\/image\/","url":"https:\/\/lamaisondubach.com\/wp-content\/uploads\/2023\/03\/cropped-MD-ROND-NOIR299876.png","contentUrl":"https:\/\/lamaisondubach.com\/wp-content\/uploads\/2023\/03\/cropped-MD-ROND-NOIR299876.png","width":1826,"height":1800,"caption":"La Maison Dubach"},"image":{"@id":"https:\/\/lamaisondubach.com\/#\/schema\/logo\/image\/"}}]}},"_links":{"self":[{"href":"https:\/\/lamaisondubach.com\/en\/wp-json\/wp\/v2\/pages\/406","targetHints":{"allow":["GET"]}}],"collection":[{"href":"https:\/\/lamaisondubach.com\/en\/wp-json\/wp\/v2\/pages"}],"about":[{"href":"https:\/\/lamaisondubach.com\/en\/wp-json\/wp\/v2\/types\/page"}],"author":[{"embeddable":true,"href":"https:\/\/lamaisondubach.com\/en\/wp-json\/wp\/v2\/users\/2"}],"replies":[{"embeddable":true,"href":"https:\/\/lamaisondubach.com\/en\/wp-json\/wp\/v2\/comments?post=406"}],"version-history":[{"count":1512,"href":"https:\/\/lamaisondubach.com\/en\/wp-json\/wp\/v2\/pages\/406\/revisions"}],"predecessor-version":[{"id":8020,"href":"https:\/\/lamaisondubach.com\/en\/wp-json\/wp\/v2\/pages\/406\/revisions\/8020"}],"wp:attachment":[{"href":"https:\/\/lamaisondubach.com\/en\/wp-json\/wp\/v2\/media?parent=406"}],"curies":[{"name":"wp","href":"https:\/\/api.w.org\/{rel}","templated":true}]}}